{"id":5454,"date":"2025-03-18T04:54:20","date_gmt":"2025-03-18T03:54:20","guid":{"rendered":"https:\/\/endodia.ch\/espace-diabete\/"},"modified":"2025-10-25T09:41:29","modified_gmt":"2025-10-25T07:41:29","slug":"espace-diabete","status":"publish","type":"page","link":"https:\/\/endodia.ch\/fr\/espace-diabete\/","title":{"rendered":"Espace Diab\u00e8te"},"content":{"rendered":"\t\t<div data-elementor-type=\"wp-page\" data-elementor-id=\"5454\" class=\"elementor elementor-5454 elementor-5443\">\n\t\t\t\t<div class=\"elementor-element elementor-element-e5c47b0 e-flex e-con-boxed wpr-particle-no wpr-jarallax-no wpr-parallax-no wpr-sticky-section-no e-con e-parent\" data-id=\"e5c47b0\" data-element_type=\"container\" data-e-type=\"container\">\n\t\t\t\t\t<div class=\"e-con-inner\">\n\t\t<div class=\"elementor-element elementor-element-8ea1af9 e-con-full e-flex wpr-particle-no wpr-jarallax-no wpr-parallax-no wpr-sticky-section-no e-con e-child\" data-id=\"8ea1af9\" data-element_type=\"container\" data-e-type=\"container\">\n\t\t<div class=\"elementor-element elementor-element-4651fce e-con-full elementor-hidden-widescreen elementor-hidden-desktop elementor-hidden-laptop e-flex wpr-particle-no wpr-jarallax-no wpr-parallax-no wpr-sticky-section-no e-con e-child\" data-id=\"4651fce\" data-element_type=\"container\" data-e-type=\"container\">\n\t\t\t\t<div class=\"elementor-element elementor-element-2659418 elementor-widget elementor-widget-heading\" data-id=\"2659418\" data-element_type=\"widget\" data-e-type=\"widget\" data-widget_type=\"heading.default\">\n\t\t\t\t<div class=\"elementor-widget-container\">\n\t\t\t\t\t<h1 class=\"elementor-heading-title elementor-size-default\">Espace Diab\u00e8te<\/h1>\t\t\t\t<\/div>\n\t\t\t\t<\/div>\n\t\t\t\t<div class=\"elementor-element elementor-element-09fc987 elementor-widget elementor-widget-text-editor\" data-id=\"09fc987\" data-element_type=\"widget\" data-e-type=\"widget\" data-widget_type=\"text-editor.default\">\n\t\t\t\t<div class=\"elementor-widget-container\">\n\t\t\t\t\t\t\t\t\t<p>L&rsquo;Espace Diab\u00e8te dispose d&rsquo;un grand espace de vie qui peut \u00eatre am\u00e9nag\u00e9 de mani\u00e8re modulaire pour diff\u00e9rents types d&rsquo;activit\u00e9s, telles que des r\u00e9unions, des cours, des cours pour diab\u00e9tiques, des activit\u00e9s de mouvement et de gymnastique ou des activit\u00e9s sociales. Le centre est g\u00e9r\u00e9 par Diab\u00e8te Biel-Bienne (DBB) et permet \u00e0 l&rsquo;organisation de patients de mettre en \u0153uvre ses objectifs, \u00e0 savoir l&rsquo;am\u00e9lioration de la sant\u00e9 et de la qualit\u00e9 de vie des personnes atteintes de diab\u00e8te, ainsi que la pr\u00e9vention du diab\u00e8te en g\u00e9n\u00e9ral.   <\/p>\t\t\t\t\t\t\t\t<\/div>\n\t\t\t\t<\/div>\n\t\t\t\t<\/div>\n\t\t<div class=\"elementor-element elementor-element-831f063 e-grid e-con-full wpr-particle-no wpr-jarallax-no wpr-parallax-no wpr-sticky-section-no e-con e-child\" data-id=\"831f063\" data-element_type=\"container\" data-e-type=\"container\">\n\t\t\t\t<div class=\"elementor-element elementor-element-6b4e052 elementor-widget elementor-widget-image\" data-id=\"6b4e052\" data-element_type=\"widget\" data-e-type=\"widget\" data-widget_type=\"image.default\">\n\t\t\t\t<div class=\"elementor-widget-container\">\n\t\t\t\t\t\t\t\t\t\t\t\t\t\t\t<img fetchpriority=\"high\" decoding=\"async\" width=\"798\" height=\"802\" src=\"https:\/\/endodia.ch\/wp-content\/uploads\/2025\/10\/Espace-Diabete-Hero-top-Image.png\" class=\"attachment-large size-large wp-image-14064\" alt=\"Image sup\u00e9rieure Espace-Diab\u00e8te-Hero\" srcset=\"https:\/\/endodia.ch\/wp-content\/uploads\/2025\/10\/Espace-Diabete-Hero-top-Image.png 798w, https:\/\/endodia.ch\/wp-content\/uploads\/2025\/10\/Espace-Diabete-Hero-top-Image-150x150.png 150w, https:\/\/endodia.ch\/wp-content\/uploads\/2025\/10\/Espace-Diabete-Hero-top-Image-768x772.png 768w\" sizes=\"(max-width: 798px) 100vw, 798px\" \/>\t\t\t\t\t\t\t\t\t\t\t\t\t\t\t<\/div>\n\t\t\t\t<\/div>\n\t\t\t\t<div class=\"elementor-element elementor-element-7893832 elementor-widget elementor-widget-image\" data-id=\"7893832\" data-element_type=\"widget\" data-e-type=\"widget\" data-widget_type=\"image.default\">\n\t\t\t\t<div class=\"elementor-widget-container\">\n\t\t\t\t\t\t\t\t\t\t\t\t\t\t\t<img decoding=\"async\" width=\"186\" height=\"186\" src=\"https:\/\/endodia.ch\/wp-content\/uploads\/2025\/03\/Subtract.webp\" class=\"attachment-large size-large wp-image-2559\" alt=\"image\" srcset=\"https:\/\/endodia.ch\/wp-content\/uploads\/2025\/03\/Subtract.webp 186w, https:\/\/endodia.ch\/wp-content\/uploads\/2025\/03\/Subtract-150x150.webp 150w\" sizes=\"(max-width: 186px) 100vw, 186px\" \/>\t\t\t\t\t\t\t\t\t\t\t\t\t\t\t<\/div>\n\t\t\t\t<\/div>\n\t\t\t\t<div class=\"elementor-element elementor-element-3dbd3a5 elementor-widget elementor-widget-image\" data-id=\"3dbd3a5\" data-element_type=\"widget\" data-e-type=\"widget\" data-widget_type=\"image.default\">\n\t\t\t\t<div class=\"elementor-widget-container\">\n\t\t\t\t\t\t\t\t\t\t\t\t\t\t\t<img decoding=\"async\" width=\"143\" height=\"143\" src=\"https:\/\/endodia.ch\/wp-content\/uploads\/2025\/03\/Subtract2.webp\" class=\"attachment-large size-large wp-image-2563\" alt=\"\" \/>\t\t\t\t\t\t\t\t\t\t\t\t\t\t\t<\/div>\n\t\t\t\t<\/div>\n\t\t\t\t<div class=\"elementor-element elementor-element-6fdf045 elementor-widget elementor-widget-image\" data-id=\"6fdf045\" data-element_type=\"widget\" data-e-type=\"widget\" data-widget_type=\"image.default\">\n\t\t\t\t<div class=\"elementor-widget-container\">\n\t\t\t\t\t\t\t\t\t\t\t\t\t\t\t<img loading=\"lazy\" decoding=\"async\" width=\"800\" height=\"800\" src=\"https:\/\/endodia.ch\/wp-content\/uploads\/2025\/10\/Espace-Diabete-Hero-Bottom-Image-1.png\" class=\"attachment-large size-large wp-image-14066\" alt=\"Espace-Diabete-Hero Bottom Image\" srcset=\"https:\/\/endodia.ch\/wp-content\/uploads\/2025\/10\/Espace-Diabete-Hero-Bottom-Image-1.png 962w, https:\/\/endodia.ch\/wp-content\/uploads\/2025\/10\/Espace-Diabete-Hero-Bottom-Image-1-300x300.png 300w, https:\/\/endodia.ch\/wp-content\/uploads\/2025\/10\/Espace-Diabete-Hero-Bottom-Image-1-150x150.png 150w, https:\/\/endodia.ch\/wp-content\/uploads\/2025\/10\/Espace-Diabete-Hero-Bottom-Image-1-768x768.png 768w\" sizes=\"(max-width: 800px) 100vw, 800px\" \/>\t\t\t\t\t\t\t\t\t\t\t\t\t\t\t<\/div>\n\t\t\t\t<\/div>\n\t\t\t\t<\/div>\n\t\t\t\t<\/div>\n\t\t<div class=\"elementor-element elementor-element-51c6b66 e-con-full elementor-hidden-tablet elementor-hidden-mobile e-flex wpr-particle-no wpr-jarallax-no wpr-parallax-no wpr-sticky-section-no e-con e-child\" data-id=\"51c6b66\" data-element_type=\"container\" data-e-type=\"container\">\n\t\t\t\t<div class=\"elementor-element elementor-element-2aa6867 elementor-widget elementor-widget-heading\" data-id=\"2aa6867\" data-element_type=\"widget\" data-e-type=\"widget\" data-widget_type=\"heading.default\">\n\t\t\t\t<div class=\"elementor-widget-container\">\n\t\t\t\t\t<h1 class=\"elementor-heading-title elementor-size-default\">Espace Diab\u00e8te<\/h1>\t\t\t\t<\/div>\n\t\t\t\t<\/div>\n\t\t\t\t<div class=\"elementor-element elementor-element-6951c82 elementor-widget elementor-widget-text-editor\" data-id=\"6951c82\" data-element_type=\"widget\" data-e-type=\"widget\" data-widget_type=\"text-editor.default\">\n\t\t\t\t<div class=\"elementor-widget-container\">\n\t\t\t\t\t\t\t\t\t<p>L&rsquo;Espace Diab\u00e8te dispose d&rsquo;un grand espace de vie qui peut \u00eatre am\u00e9nag\u00e9 de mani\u00e8re modulaire pour diff\u00e9rents types d&rsquo;activit\u00e9s, telles que des r\u00e9unions, des cours, des cours pour diab\u00e9tiques, des activit\u00e9s de mouvement et de gymnastique ou des activit\u00e9s sociales. Le centre est g\u00e9r\u00e9 par Diab\u00e8te Biel-Bienne (DBB) et permet \u00e0 l&rsquo;organisation de patients de mettre en \u0153uvre ses objectifs, \u00e0 savoir l&rsquo;am\u00e9lioration de la sant\u00e9 et de la qualit\u00e9 de vie des personnes atteintes de diab\u00e8te, ainsi que la pr\u00e9vention du diab\u00e8te en g\u00e9n\u00e9ral.   <\/p>\t\t\t\t\t\t\t\t<\/div>\n\t\t\t\t<\/div>\n\t\t\t\t<\/div>\n\t\t\t\t\t<\/div>\n\t\t\t\t<\/div>\n\t\t<div class=\"elementor-element elementor-element-6baed59 e-flex e-con-boxed wpr-particle-no wpr-jarallax-no wpr-parallax-no wpr-sticky-section-no e-con e-parent\" data-id=\"6baed59\" data-element_type=\"container\" data-e-type=\"container\" data-settings=\"{&quot;background_background&quot;:&quot;classic&quot;}\">\n\t\t\t\t\t<div class=\"e-con-inner\">\n\t\t<div class=\"elementor-element elementor-element-46ae28b e-con-full e-flex wpr-particle-no wpr-jarallax-no wpr-parallax-no wpr-sticky-section-no e-con e-child\" data-id=\"46ae28b\" data-element_type=\"container\" data-e-type=\"container\">\n\t\t\t\t<div class=\"elementor-element elementor-element-360bc9d elementor-widget elementor-widget-heading\" data-id=\"360bc9d\" data-element_type=\"widget\" data-e-type=\"widget\" data-widget_type=\"heading.default\">\n\t\t\t\t<div class=\"elementor-widget-container\">\n\t\t\t\t\t<h2 class=\"elementor-heading-title elementor-size-default\">En collaboration avec l'EDC, Diabetes Biel-Bienne propose un programme comprenant des activit\u00e9s adapt\u00e9es.<\/h2>\t\t\t\t<\/div>\n\t\t\t\t<\/div>\n\t\t\t\t<div class=\"elementor-element elementor-element-7845021 content-editor elementor-widget elementor-widget-text-editor\" data-id=\"7845021\" data-element_type=\"widget\" data-e-type=\"widget\" data-widget_type=\"text-editor.default\">\n\t\t\t\t<div class=\"elementor-widget-container\">\n\t\t\t\t\t\t\t\t\t<ul><li>\u00c9v\u00e9nements sociaux pour les membres du DBB et les personnes int\u00e9ress\u00e9es<\/li><li>Formation sur la technologie du diab\u00e8te (par exemple Abbott Freestyle Libre)<\/li><li>Promotion d&rsquo;une alimentation \u00e9quilibr\u00e9e adapt\u00e9e aux diff\u00e9rents types de diab\u00e8te (par exemple cours de cuisine pour diab\u00e9tiques)<\/li><li>Promotion de l&rsquo;activit\u00e9 physique (par exemple, th\u00e9rapie par le mouvement)<\/li><li>Formation et formation continue pour le personnel m\u00e9dical et th\u00e9rapeutique<\/li><li>Mise en relation avec les organisations et associations \u00ab\u00a0voisines\u00a0\u00bb<\/li><li>Promotion de l&rsquo;\u00e9change d&rsquo;informations entre les personnes diab\u00e9tiques et leurs proches (groupes Erfa)<\/li><\/ul>\t\t\t\t\t\t\t\t<\/div>\n\t\t\t\t<\/div>\n\t\t\t\t<div class=\"elementor-element elementor-element-e7923e0 content-editor elementor-widget elementor-widget-text-editor\" data-id=\"e7923e0\" data-element_type=\"widget\" data-e-type=\"widget\" data-widget_type=\"text-editor.default\">\n\t\t\t\t<div class=\"elementor-widget-container\">\n\t\t\t\t\t\t\t\t\t<p><span style=\"vertical-align: inherit;\"><span style=\"vertical-align: inherit;\">Lien vers le site web d&rsquo;Espace Diab\u00e8te : <\/span><\/span><strong><a href=\"http:\/\/www.espace-diabete.ch\"><span style=\"color: #33691e;\"><span style=\"vertical-align: inherit;\"><span style=\"vertical-align: inherit;\">www.espace-diabete.ch<\/span><\/span><\/span><\/a><\/strong><\/p>\t\t\t\t\t\t\t\t<\/div>\n\t\t\t\t<\/div>\n\t\t\t\t<\/div>\n\t\t<div class=\"elementor-element elementor-element-4e1f554 e-con-full e-flex wpr-particle-no wpr-jarallax-no wpr-parallax-no wpr-sticky-section-no e-con e-child\" data-id=\"4e1f554\" data-element_type=\"container\" data-e-type=\"container\">\n\t\t<div class=\"elementor-element elementor-element-d789cbb e-grid e-con-full wpr-particle-no wpr-jarallax-no wpr-parallax-no wpr-sticky-section-no e-con e-child\" data-id=\"d789cbb\" data-element_type=\"container\" data-e-type=\"container\">\n\t\t\t\t<div class=\"elementor-element elementor-element-f882c8f elementor-widget elementor-widget-image\" data-id=\"f882c8f\" data-element_type=\"widget\" data-e-type=\"widget\" data-widget_type=\"image.default\">\n\t\t\t\t<div class=\"elementor-widget-container\">\n\t\t\t\t\t\t\t\t\t\t\t\t\t\t\t<img loading=\"lazy\" decoding=\"async\" width=\"286\" height=\"257\" src=\"https:\/\/endodia.ch\/wp-content\/uploads\/2025\/03\/green-img.webp\" class=\"attachment-large size-large wp-image-3214\" alt=\"green-img\" \/>\t\t\t\t\t\t\t\t\t\t\t\t\t\t\t<\/div>\n\t\t\t\t<\/div>\n\t\t\t\t<div class=\"elementor-element elementor-element-b9c7398 elementor-widget elementor-widget-image\" data-id=\"b9c7398\" data-element_type=\"widget\" data-e-type=\"widget\" data-widget_type=\"image.default\">\n\t\t\t\t<div class=\"elementor-widget-container\">\n\t\t\t\t\t\t\t\t\t\t\t\t\t\t\t<img loading=\"lazy\" decoding=\"async\" width=\"384\" height=\"369\" src=\"https:\/\/endodia.ch\/wp-content\/uploads\/2025\/03\/espace-diabete-2.webp\" class=\"attachment-large size-large wp-image-3624\" alt=\"espace-diabete\" srcset=\"https:\/\/endodia.ch\/wp-content\/uploads\/2025\/03\/espace-diabete-2.webp 384w, https:\/\/endodia.ch\/wp-content\/uploads\/2025\/03\/espace-diabete-2-300x288.webp 300w\" sizes=\"(max-width: 384px) 100vw, 384px\" \/>\t\t\t\t\t\t\t\t\t\t\t\t\t\t\t<\/div>\n\t\t\t\t<\/div>\n\t\t\t\t<div class=\"elementor-element elementor-element-2c1ad28 elementor-widget elementor-widget-image\" data-id=\"2c1ad28\" data-element_type=\"widget\" data-e-type=\"widget\" data-widget_type=\"image.default\">\n\t\t\t\t<div class=\"elementor-widget-container\">\n\t\t\t\t\t\t\t\t\t\t\t\t\t\t\t<img loading=\"lazy\" decoding=\"async\" width=\"800\" height=\"661\" src=\"https:\/\/endodia.ch\/wp-content\/uploads\/2025\/10\/Espace-Diabete-left-1024x846.png\" class=\"attachment-large size-large wp-image-14068\" alt=\"Espace-Diab\u00e8te-left\" srcset=\"https:\/\/endodia.ch\/wp-content\/uploads\/2025\/10\/Espace-Diabete-left-1024x846.png 1024w, https:\/\/endodia.ch\/wp-content\/uploads\/2025\/10\/Espace-Diabete-left-300x248.png 300w, https:\/\/endodia.ch\/wp-content\/uploads\/2025\/10\/Espace-Diabete-left-768x634.png 768w, https:\/\/endodia.ch\/wp-content\/uploads\/2025\/10\/Espace-Diabete-left.png 1338w\" sizes=\"(max-width: 800px) 100vw, 800px\" \/>\t\t\t\t\t\t\t\t\t\t\t\t\t\t\t<\/div>\n\t\t\t\t<\/div>\n\t\t\t\t<div class=\"elementor-element elementor-element-84dc447 elementor-widget elementor-widget-image\" data-id=\"84dc447\" data-element_type=\"widget\" data-e-type=\"widget\" data-widget_type=\"image.default\">\n\t\t\t\t<div class=\"elementor-widget-container\">\n\t\t\t\t\t\t\t\t\t\t\t\t\t\t\t<img loading=\"lazy\" decoding=\"async\" width=\"151\" height=\"142\" src=\"https:\/\/endodia.ch\/wp-content\/uploads\/2025\/03\/green-image.webp\" class=\"attachment-large size-large wp-image-3212\" alt=\"green-image\" \/>\t\t\t\t\t\t\t\t\t\t\t\t\t\t\t<\/div>\n\t\t\t\t<\/div>\n\t\t\t\t<\/div>\n\t\t\t\t<\/div>\n\t\t\t\t\t<\/div>\n\t\t\t\t<\/div>\n\t\t\t\t<\/div>\n\t\t","protected":false},"excerpt":{"rendered":"<p>Espace Diab\u00e8te L&rsquo;Espace Diab\u00e8te dispose d&rsquo;un grand espace de vie qui peut \u00eatre am\u00e9nag\u00e9 de mani\u00e8re modulaire pour diff\u00e9rents types d&rsquo;activit\u00e9s, telles que des r\u00e9unions, des cours, des cours pour diab\u00e9tiques, des activit\u00e9s de mouvement et de gymnastique ou des<\/p>\n","protected":false},"author":2,"featured_media":0,"parent":0,"menu_order":0,"comment_status":"closed","ping_status":"closed","template":"elementor_header_footer","meta":{"_acf_changed":false,"footnotes":""},"class_list":["post-5454","page","type-page","status-publish","hentry"],"acf":[],"yoast_head":"<!-- This site is optimized with the Yoast SEO plugin v27.3 - https:\/\/yoast.com\/product\/yoast-seo-wordpress\/ -->\n<title>Espace Diab\u00e8te \u2013 Activit\u00e9s pour diab\u00e9tiques \u00e0 Biel\/Bienne<\/title>\n<meta name=\"description\" content=\"D\u00e9couvrez l\u2019Espace Diab\u00e8te \u00e0 Biel\/Bienne : formations, cours de cuisine, activit\u00e9s physiques et \u00e9v\u00e9nements sociaux pour diab\u00e9tiques et proches.\" \/>\n<meta name=\"robots\" content=\"index, follow, max-snippet:-1, max-image-preview:large, max-video-preview:-1\" \/>\n<link rel=\"canonical\" href=\"https:\/\/endodia.ch\/fr\/espace-diabete\/\" \/>\n<meta property=\"og:locale\" content=\"fr_FR\" \/>\n<meta property=\"og:type\" content=\"article\" \/>\n<meta property=\"og:title\" content=\"Espace Diab\u00e8te \u2013 Activit\u00e9s pour diab\u00e9tiques \u00e0 Biel\/Bienne\" \/>\n<meta property=\"og:description\" content=\"D\u00e9couvrez l\u2019Espace Diab\u00e8te \u00e0 Biel\/Bienne : formations, cours de cuisine, activit\u00e9s physiques et \u00e9v\u00e9nements sociaux pour diab\u00e9tiques et proches.\" \/>\n<meta property=\"og:url\" content=\"https:\/\/endodia.ch\/fr\/espace-diabete\/\" \/>\n<meta property=\"og:site_name\" content=\"EndoDia Centre Biel\" \/>\n<meta property=\"article:modified_time\" content=\"2025-10-25T07:41:29+00:00\" \/>\n<meta property=\"og:image\" content=\"https:\/\/endodia.ch\/wp-content\/uploads\/2025\/10\/Espace-Diabete-Hero-top-Image.png\" \/>\n\t<meta property=\"og:image:width\" content=\"798\" \/>\n\t<meta property=\"og:image:height\" content=\"802\" \/>\n\t<meta property=\"og:image:type\" content=\"image\/png\" \/>\n<meta name=\"twitter:card\" content=\"summary_large_image\" \/>\n<meta name=\"twitter:label1\" content=\"Dur\u00e9e de lecture estim\u00e9e\" \/>\n\t<meta name=\"twitter:data1\" content=\"4 minutes\" \/>\n<script type=\"application\/ld+json\" class=\"yoast-schema-graph\">{\"@context\":\"https:\\\/\\\/schema.org\",\"@graph\":[{\"@type\":\"WebPage\",\"@id\":\"https:\\\/\\\/endodia.ch\\\/fr\\\/espace-diabete\\\/\",\"url\":\"https:\\\/\\\/endodia.ch\\\/fr\\\/espace-diabete\\\/\",\"name\":\"Espace Diab\u00e8te \u2013 Activit\u00e9s pour diab\u00e9tiques \u00e0 Biel\\\/Bienne\",\"isPartOf\":{\"@id\":\"https:\\\/\\\/endodia.ch\\\/fr\\\/#website\"},\"primaryImageOfPage\":{\"@id\":\"https:\\\/\\\/endodia.ch\\\/fr\\\/espace-diabete\\\/#primaryimage\"},\"image\":{\"@id\":\"https:\\\/\\\/endodia.ch\\\/fr\\\/espace-diabete\\\/#primaryimage\"},\"thumbnailUrl\":\"https:\\\/\\\/endodia.ch\\\/wp-content\\\/uploads\\\/2025\\\/10\\\/Espace-Diabete-Hero-top-Image.png\",\"datePublished\":\"2025-03-18T03:54:20+00:00\",\"dateModified\":\"2025-10-25T07:41:29+00:00\",\"description\":\"D\u00e9couvrez l\u2019Espace Diab\u00e8te \u00e0 Biel\\\/Bienne : formations, cours de cuisine, activit\u00e9s physiques et \u00e9v\u00e9nements sociaux pour diab\u00e9tiques et proches.\",\"breadcrumb\":{\"@id\":\"https:\\\/\\\/endodia.ch\\\/fr\\\/espace-diabete\\\/#breadcrumb\"},\"inLanguage\":\"fr-FR\",\"potentialAction\":[{\"@type\":\"ReadAction\",\"target\":[\"https:\\\/\\\/endodia.ch\\\/fr\\\/espace-diabete\\\/\"]}]},{\"@type\":\"ImageObject\",\"inLanguage\":\"fr-FR\",\"@id\":\"https:\\\/\\\/endodia.ch\\\/fr\\\/espace-diabete\\\/#primaryimage\",\"url\":\"https:\\\/\\\/endodia.ch\\\/wp-content\\\/uploads\\\/2025\\\/10\\\/Espace-Diabete-Hero-top-Image.png\",\"contentUrl\":\"https:\\\/\\\/endodia.ch\\\/wp-content\\\/uploads\\\/2025\\\/10\\\/Espace-Diabete-Hero-top-Image.png\"},{\"@type\":\"BreadcrumbList\",\"@id\":\"https:\\\/\\\/endodia.ch\\\/fr\\\/espace-diabete\\\/#breadcrumb\",\"itemListElement\":[{\"@type\":\"ListItem\",\"position\":1,\"name\":\"Home\",\"item\":\"https:\\\/\\\/endodia.ch\\\/fr\\\/accueil\\\/\"},{\"@type\":\"ListItem\",\"position\":2,\"name\":\"Espace Diab\u00e8te\"}]},{\"@type\":\"WebSite\",\"@id\":\"https:\\\/\\\/endodia.ch\\\/fr\\\/#website\",\"url\":\"https:\\\/\\\/endodia.ch\\\/fr\\\/\",\"name\":\"EndoDia Centre Biel\",\"description\":\"\",\"publisher\":{\"@id\":\"https:\\\/\\\/endodia.ch\\\/fr\\\/#organization\"},\"potentialAction\":[{\"@type\":\"SearchAction\",\"target\":{\"@type\":\"EntryPoint\",\"urlTemplate\":\"https:\\\/\\\/endodia.ch\\\/fr\\\/?s={search_term_string}\"},\"query-input\":{\"@type\":\"PropertyValueSpecification\",\"valueRequired\":true,\"valueName\":\"search_term_string\"}}],\"inLanguage\":\"fr-FR\"},{\"@type\":\"Organization\",\"@id\":\"https:\\\/\\\/endodia.ch\\\/fr\\\/#organization\",\"name\":\"EndoDia Centre Biel\",\"url\":\"https:\\\/\\\/endodia.ch\\\/fr\\\/\",\"logo\":{\"@type\":\"ImageObject\",\"inLanguage\":\"fr-FR\",\"@id\":\"https:\\\/\\\/endodia.ch\\\/fr\\\/#\\\/schema\\\/logo\\\/image\\\/\",\"url\":\"https:\\\/\\\/endodia.ch\\\/wp-content\\\/uploads\\\/2025\\\/03\\\/C_EndoDia_Logo.webp\",\"contentUrl\":\"https:\\\/\\\/endodia.ch\\\/wp-content\\\/uploads\\\/2025\\\/03\\\/C_EndoDia_Logo.webp\",\"width\":400,\"height\":48,\"caption\":\"EndoDia Centre Biel\"},\"image\":{\"@id\":\"https:\\\/\\\/endodia.ch\\\/fr\\\/#\\\/schema\\\/logo\\\/image\\\/\"}}]}<\/script>\n<!-- \/ Yoast SEO plugin. -->","yoast_head_json":{"title":"Espace Diab\u00e8te \u2013 Activit\u00e9s pour diab\u00e9tiques \u00e0 Biel\/Bienne","description":"D\u00e9couvrez l\u2019Espace Diab\u00e8te \u00e0 Biel\/Bienne : formations, cours de cuisine, activit\u00e9s physiques et \u00e9v\u00e9nements sociaux pour diab\u00e9tiques et proches.","robots":{"index":"index","follow":"follow","max-snippet":"max-snippet:-1","max-image-preview":"max-image-preview:large","max-video-preview":"max-video-preview:-1"},"canonical":"https:\/\/endodia.ch\/fr\/espace-diabete\/","og_locale":"fr_FR","og_type":"article","og_title":"Espace Diab\u00e8te \u2013 Activit\u00e9s pour diab\u00e9tiques \u00e0 Biel\/Bienne","og_description":"D\u00e9couvrez l\u2019Espace Diab\u00e8te \u00e0 Biel\/Bienne : formations, cours de cuisine, activit\u00e9s physiques et \u00e9v\u00e9nements sociaux pour diab\u00e9tiques et proches.","og_url":"https:\/\/endodia.ch\/fr\/espace-diabete\/","og_site_name":"EndoDia Centre Biel","article_modified_time":"2025-10-25T07:41:29+00:00","og_image":[{"width":798,"height":802,"url":"https:\/\/endodia.ch\/wp-content\/uploads\/2025\/10\/Espace-Diabete-Hero-top-Image.png","type":"image\/png"}],"twitter_card":"summary_large_image","twitter_misc":{"Dur\u00e9e de lecture estim\u00e9e":"4 minutes"},"schema":{"@context":"https:\/\/schema.org","@graph":[{"@type":"WebPage","@id":"https:\/\/endodia.ch\/fr\/espace-diabete\/","url":"https:\/\/endodia.ch\/fr\/espace-diabete\/","name":"Espace Diab\u00e8te \u2013 Activit\u00e9s pour diab\u00e9tiques \u00e0 Biel\/Bienne","isPartOf":{"@id":"https:\/\/endodia.ch\/fr\/#website"},"primaryImageOfPage":{"@id":"https:\/\/endodia.ch\/fr\/espace-diabete\/#primaryimage"},"image":{"@id":"https:\/\/endodia.ch\/fr\/espace-diabete\/#primaryimage"},"thumbnailUrl":"https:\/\/endodia.ch\/wp-content\/uploads\/2025\/10\/Espace-Diabete-Hero-top-Image.png","datePublished":"2025-03-18T03:54:20+00:00","dateModified":"2025-10-25T07:41:29+00:00","description":"D\u00e9couvrez l\u2019Espace Diab\u00e8te \u00e0 Biel\/Bienne : formations, cours de cuisine, activit\u00e9s physiques et \u00e9v\u00e9nements sociaux pour diab\u00e9tiques et proches.","breadcrumb":{"@id":"https:\/\/endodia.ch\/fr\/espace-diabete\/#breadcrumb"},"inLanguage":"fr-FR","potentialAction":[{"@type":"ReadAction","target":["https:\/\/endodia.ch\/fr\/espace-diabete\/"]}]},{"@type":"ImageObject","inLanguage":"fr-FR","@id":"https:\/\/endodia.ch\/fr\/espace-diabete\/#primaryimage","url":"https:\/\/endodia.ch\/wp-content\/uploads\/2025\/10\/Espace-Diabete-Hero-top-Image.png","contentUrl":"https:\/\/endodia.ch\/wp-content\/uploads\/2025\/10\/Espace-Diabete-Hero-top-Image.png"},{"@type":"BreadcrumbList","@id":"https:\/\/endodia.ch\/fr\/espace-diabete\/#breadcrumb","itemListElement":[{"@type":"ListItem","position":1,"name":"Home","item":"https:\/\/endodia.ch\/fr\/accueil\/"},{"@type":"ListItem","position":2,"name":"Espace Diab\u00e8te"}]},{"@type":"WebSite","@id":"https:\/\/endodia.ch\/fr\/#website","url":"https:\/\/endodia.ch\/fr\/","name":"EndoDia Centre Biel","description":"","publisher":{"@id":"https:\/\/endodia.ch\/fr\/#organization"},"potentialAction":[{"@type":"SearchAction","target":{"@type":"EntryPoint","urlTemplate":"https:\/\/endodia.ch\/fr\/?s={search_term_string}"},"query-input":{"@type":"PropertyValueSpecification","valueRequired":true,"valueName":"search_term_string"}}],"inLanguage":"fr-FR"},{"@type":"Organization","@id":"https:\/\/endodia.ch\/fr\/#organization","name":"EndoDia Centre Biel","url":"https:\/\/endodia.ch\/fr\/","logo":{"@type":"ImageObject","inLanguage":"fr-FR","@id":"https:\/\/endodia.ch\/fr\/#\/schema\/logo\/image\/","url":"https:\/\/endodia.ch\/wp-content\/uploads\/2025\/03\/C_EndoDia_Logo.webp","contentUrl":"https:\/\/endodia.ch\/wp-content\/uploads\/2025\/03\/C_EndoDia_Logo.webp","width":400,"height":48,"caption":"EndoDia Centre Biel"},"image":{"@id":"https:\/\/endodia.ch\/fr\/#\/schema\/logo\/image\/"}}]}},"_links":{"self":[{"href":"https:\/\/endodia.ch\/fr\/wp-json\/wp\/v2\/pages\/5454","targetHints":{"allow":["GET"]}}],"collection":[{"href":"https:\/\/endodia.ch\/fr\/wp-json\/wp\/v2\/pages"}],"about":[{"href":"https:\/\/endodia.ch\/fr\/wp-json\/wp\/v2\/types\/page"}],"author":[{"embeddable":true,"href":"https:\/\/endodia.ch\/fr\/wp-json\/wp\/v2\/users\/2"}],"replies":[{"embeddable":true,"href":"https:\/\/endodia.ch\/fr\/wp-json\/wp\/v2\/comments?post=5454"}],"version-history":[{"count":10,"href":"https:\/\/endodia.ch\/fr\/wp-json\/wp\/v2\/pages\/5454\/revisions"}],"predecessor-version":[{"id":14196,"href":"https:\/\/endodia.ch\/fr\/wp-json\/wp\/v2\/pages\/5454\/revisions\/14196"}],"wp:attachment":[{"href":"https:\/\/endodia.ch\/fr\/wp-json\/wp\/v2\/media?parent=5454"}],"curies":[{"name":"wp","href":"https:\/\/api.w.org\/{rel}","templated":true}]}}