{"id":1927,"date":"2025-03-07T11:42:13","date_gmt":"2025-03-07T10:42:13","guid":{"rendered":"https:\/\/endodia.ch\/home\/"},"modified":"2025-11-21T13:57:18","modified_gmt":"2025-11-21T12:57:18","slug":"endodia-community","status":"publish","type":"page","link":"https:\/\/endodia.ch\/fr\/endodia-community\/","title":{"rendered":"EndoDia Community"},"content":{"rendered":"\t\t<div data-elementor-type=\"wp-page\" data-elementor-id=\"1927\" class=\"elementor elementor-1927 elementor-5754\">\n\t\t\t\t<div class=\"elementor-element elementor-element-e5c47b0 hero-section e-flex e-con-boxed wpr-particle-no wpr-jarallax-no wpr-parallax-no wpr-sticky-section-no e-con e-parent\" data-id=\"e5c47b0\" data-element_type=\"container\" data-e-type=\"container\">\n\t\t\t\t\t<div class=\"e-con-inner\">\n\t\t<div class=\"elementor-element elementor-element-6d8a661 e-con-full e-flex wpr-particle-no wpr-jarallax-no wpr-parallax-no wpr-sticky-section-no e-con e-child\" data-id=\"6d8a661\" data-element_type=\"container\" data-e-type=\"container\">\n\t\t<div class=\"elementor-element elementor-element-e35a5ec e-grid e-con-full wpr-particle-no wpr-jarallax-no wpr-parallax-no wpr-sticky-section-no e-con e-child\" data-id=\"e35a5ec\" data-element_type=\"container\" data-e-type=\"container\">\n\t\t\t\t<div class=\"elementor-element elementor-element-3a1b8b6 elementor-widget elementor-widget-image\" data-id=\"3a1b8b6\" data-element_type=\"widget\" data-e-type=\"widget\" data-widget_type=\"image.default\">\n\t\t\t\t<div class=\"elementor-widget-container\">\n\t\t\t\t\t\t\t\t\t\t\t\t\t\t\t<img fetchpriority=\"high\" decoding=\"async\" width=\"798\" height=\"802\" src=\"https:\/\/endodia.ch\/wp-content\/uploads\/2025\/10\/Espace-Diabete-Hero-top-Image.png\" class=\"attachment-large size-large wp-image-14064\" alt=\"Image sup\u00e9rieure Espace-Diab\u00e8te-Hero\" srcset=\"https:\/\/endodia.ch\/wp-content\/uploads\/2025\/10\/Espace-Diabete-Hero-top-Image.png 798w, https:\/\/endodia.ch\/wp-content\/uploads\/2025\/10\/Espace-Diabete-Hero-top-Image-150x150.png 150w, https:\/\/endodia.ch\/wp-content\/uploads\/2025\/10\/Espace-Diabete-Hero-top-Image-768x772.png 768w\" sizes=\"(max-width: 798px) 100vw, 798px\" \/>\t\t\t\t\t\t\t\t\t\t\t\t\t\t\t<\/div>\n\t\t\t\t<\/div>\n\t\t\t\t<div class=\"elementor-element elementor-element-296a61e elementor-widget elementor-widget-image\" data-id=\"296a61e\" data-element_type=\"widget\" data-e-type=\"widget\" data-widget_type=\"image.default\">\n\t\t\t\t<div class=\"elementor-widget-container\">\n\t\t\t\t\t\t\t\t\t\t\t\t\t\t\t<img decoding=\"async\" width=\"192\" height=\"192\" src=\"https:\/\/endodia.ch\/wp-content\/uploads\/2025\/04\/EndoDia-Therapie-Team-1.svg\" class=\"attachment-large size-large wp-image-6297\" alt=\"EndoDia-Therapie-Team\" \/>\t\t\t\t\t\t\t\t\t\t\t\t\t\t\t<\/div>\n\t\t\t\t<\/div>\n\t\t\t\t<div class=\"elementor-element elementor-element-f8028dd elementor-widget elementor-widget-image\" data-id=\"f8028dd\" data-element_type=\"widget\" data-e-type=\"widget\" data-widget_type=\"image.default\">\n\t\t\t\t<div class=\"elementor-widget-container\">\n\t\t\t\t\t\t\t\t\t\t\t\t\t\t\t<img decoding=\"async\" width=\"147\" height=\"147\" src=\"https:\/\/endodia.ch\/wp-content\/uploads\/2025\/04\/EndoDia-Therapie-Team-2.svg\" class=\"attachment-large size-large wp-image-6299\" alt=\"EndoDia-Therapie-Team\" \/>\t\t\t\t\t\t\t\t\t\t\t\t\t\t\t<\/div>\n\t\t\t\t<\/div>\n\t\t\t\t<div class=\"elementor-element elementor-element-c8754c3 elementor-widget elementor-widget-image\" data-id=\"c8754c3\" data-element_type=\"widget\" data-e-type=\"widget\" data-widget_type=\"image.default\">\n\t\t\t\t<div class=\"elementor-widget-container\">\n\t\t\t\t\t\t\t\t\t\t\t\t\t\t\t<img loading=\"lazy\" decoding=\"async\" width=\"321\" height=\"321\" src=\"https:\/\/endodia.ch\/wp-content\/uploads\/2025\/10\/Endodia-Community.png\" class=\"attachment-large size-large wp-image-14052\" alt=\"Endodia Community\" srcset=\"https:\/\/endodia.ch\/wp-content\/uploads\/2025\/10\/Endodia-Community.png 321w, https:\/\/endodia.ch\/wp-content\/uploads\/2025\/10\/Endodia-Community-300x300.png 300w, https:\/\/endodia.ch\/wp-content\/uploads\/2025\/10\/Endodia-Community-150x150.png 150w\" sizes=\"(max-width: 321px) 100vw, 321px\" \/>\t\t\t\t\t\t\t\t\t\t\t\t\t\t\t<\/div>\n\t\t\t\t<\/div>\n\t\t\t\t<\/div>\n\t\t\t\t<\/div>\n\t\t<div class=\"elementor-element elementor-element-51c6b66 e-con-full e-flex wpr-particle-no wpr-jarallax-no wpr-parallax-no wpr-sticky-section-no e-con e-child\" data-id=\"51c6b66\" data-element_type=\"container\" data-e-type=\"container\">\n\t\t\t\t<div class=\"elementor-element elementor-element-2aa6867 elementor-widget elementor-widget-heading\" data-id=\"2aa6867\" data-element_type=\"widget\" data-e-type=\"widget\" data-widget_type=\"heading.default\">\n\t\t\t\t<div class=\"elementor-widget-container\">\n\t\t\t\t\t<h1 class=\"elementor-heading-title elementor-size-default\">EndoDia Community<\/h1>\t\t\t\t<\/div>\n\t\t\t\t<\/div>\n\t\t\t\t<div class=\"elementor-element elementor-element-6951c82 elementor-widget elementor-widget-text-editor\" data-id=\"6951c82\" data-element_type=\"widget\" data-e-type=\"widget\" data-widget_type=\"text-editor.default\">\n\t\t\t\t<div class=\"elementor-widget-container\">\n\t\t\t\t\t\t\t\t\t<p>Sous la direction de l&rsquo;association de patients Diab\u00e8te Biel-Bienne, nous offrons aux personnes vivants avec le diab\u00e8te et \u00e0 leurs proches une aide et un soutien pour faire face au diab\u00e8te dans la vie quotidienne. Vous y trouverez des informations professionnelles pour une alimentation adapt\u00e9e, des aides techniques et nous r\u00e9pondons \u00e0 toutes vos questions sur la maladie.  <\/p>\t\t\t\t\t\t\t\t<\/div>\n\t\t\t\t<\/div>\n\t\t\t\t<div class=\"elementor-element elementor-element-3e32c31 elementor-widget elementor-widget-text-editor\" data-id=\"3e32c31\" data-element_type=\"widget\" data-e-type=\"widget\" data-widget_type=\"text-editor.default\">\n\t\t\t\t<div class=\"elementor-widget-container\">\n\t\t\t\t\t\t\t\t\t<p>Dans l\u2019Espace Diab\u00e8te, nous organisons plusieurs \u00e9v\u00e9nements pour accompagner les patients et am\u00e9liorer leurs qualit\u00e9 de vie.<\/p>\t\t\t\t\t\t\t\t<\/div>\n\t\t\t\t<\/div>\n\t\t\t\t<\/div>\n\t\t\t\t\t<\/div>\n\t\t\t\t<\/div>\n\t\t<div class=\"elementor-element elementor-element-6baed59 e-flex e-con-boxed wpr-particle-no wpr-jarallax-no wpr-parallax-no wpr-sticky-section-no e-con e-parent\" data-id=\"6baed59\" data-element_type=\"container\" data-e-type=\"container\" data-settings=\"{&quot;background_background&quot;:&quot;classic&quot;}\">\n\t\t\t\t\t<div class=\"e-con-inner\">\n\t\t<div class=\"elementor-element elementor-element-3494a25 e-con-full e-flex wpr-particle-no wpr-jarallax-no wpr-parallax-no wpr-sticky-section-no e-con e-child\" data-id=\"3494a25\" data-element_type=\"container\" data-e-type=\"container\">\n\t\t<div class=\"elementor-element elementor-element-064f305 e-con-full green-cta e-flex wpr-particle-no wpr-jarallax-no wpr-parallax-no wpr-sticky-section-no e-con e-child\" data-id=\"064f305\" data-element_type=\"container\" data-e-type=\"container\" data-settings=\"{&quot;background_background&quot;:&quot;classic&quot;}\">\n\t\t\t\t<div class=\"elementor-element elementor-element-29aabb4 elementor-position-top elementor-widget elementor-widget-image-box\" data-id=\"29aabb4\" data-element_type=\"widget\" data-e-type=\"widget\" data-widget_type=\"image-box.default\">\n\t\t\t\t<div class=\"elementor-widget-container\">\n\t\t\t\t\t<div class=\"elementor-image-box-wrapper\"><figure class=\"elementor-image-box-img\"><a href=\"https:\/\/www.diabetesbiel.ch\/startseite\/\" target=\"_blank\" tabindex=\"-1\"><img loading=\"lazy\" decoding=\"async\" width=\"72\" height=\"73\" src=\"https:\/\/endodia.ch\/wp-content\/uploads\/2025\/03\/diabetesbiel-bienne.svg\" class=\"attachment-full size-full wp-image-3086\" alt=\"diabetes-biel-bienne\" \/><\/a><\/figure><div class=\"elementor-image-box-content\"><h2 class=\"elementor-image-box-title\"><a href=\"https:\/\/www.diabetesbiel.ch\/startseite\/\" target=\"_blank\">Diabetes Biel-Bienne<\/a><\/h2><p class=\"elementor-image-box-description\">Vers la page d\u2019accueil<\/p><\/div><\/div>\t\t\t\t<\/div>\n\t\t\t\t<\/div>\n\t\t\t\t<div class=\"elementor-element elementor-element-484fd7e elementor-widget elementor-widget-button\" data-id=\"484fd7e\" data-element_type=\"widget\" data-e-type=\"widget\" data-widget_type=\"button.default\">\n\t\t\t\t<div class=\"elementor-widget-container\">\n\t\t\t\t\t\t\t\t\t<div class=\"elementor-button-wrapper\">\n\t\t\t\t\t<a class=\"elementor-button elementor-button-link elementor-size-sm\" href=\"https:\/\/www.diabetesbiel.ch\/startseite\" target=\"_blank\">\n\t\t\t\t\t\t<span class=\"elementor-button-content-wrapper\">\n\t\t\t\t\t\t<span class=\"elementor-button-icon\">\n\t\t\t\t<svg xmlns=\"http:\/\/www.w3.org\/2000\/svg\" width=\"21\" height=\"20\" viewBox=\"0 0 21 20\" fill=\"none\"><path d=\"M14.143 9.16707L9.673 4.69706L10.8515 3.51855L17.3333 10.0004L10.8515 16.4822L9.673 15.3037L14.143 10.8337H4V9.16707H14.143Z\" fill=\"#858585\"><\/path><\/svg>\t\t\t<\/span>\n\t\t\t\t\t\t\t\t\t<span class=\"elementor-button-text\">En savoir plus<\/span>\n\t\t\t\t\t<\/span>\n\t\t\t\t\t<\/a>\n\t\t\t\t<\/div>\n\t\t\t\t\t\t\t\t<\/div>\n\t\t\t\t<\/div>\n\t\t\t\t<\/div>\n\t\t<div class=\"elementor-element elementor-element-f762e19 e-con-full green-cta e-flex wpr-particle-no wpr-jarallax-no wpr-parallax-no wpr-sticky-section-no e-con e-child\" data-id=\"f762e19\" data-element_type=\"container\" data-e-type=\"container\" data-settings=\"{&quot;background_background&quot;:&quot;classic&quot;}\">\n\t\t\t\t<div class=\"elementor-element elementor-element-2336c01 elementor-position-top elementor-widget elementor-widget-image-box\" data-id=\"2336c01\" data-element_type=\"widget\" data-e-type=\"widget\" data-widget_type=\"image-box.default\">\n\t\t\t\t<div class=\"elementor-widget-container\">\n\t\t\t\t\t<div class=\"elementor-image-box-wrapper\"><figure class=\"elementor-image-box-img\"><a href=\"https:\/\/endodia.ch\/fr\/espace-diabete\/\" tabindex=\"-1\"><img loading=\"lazy\" decoding=\"async\" width=\"77\" height=\"73\" src=\"https:\/\/endodia.ch\/wp-content\/uploads\/2025\/03\/Espace-Diabete.svg\" class=\"attachment-full size-full wp-image-3084\" alt=\"\" \/><\/a><\/figure><div class=\"elementor-image-box-content\"><h2 class=\"elementor-image-box-title\"><a href=\"https:\/\/endodia.ch\/fr\/espace-diabete\/\">Espace Diab\u00e8te<\/a><\/h2><p class=\"elementor-image-box-description\">Lieu de rencontre \u2013 \u00c9change d\u2019exp\u00e9riences \u2013 Offres de sensibilisation et d\u2019information<\/p><\/div><\/div>\t\t\t\t<\/div>\n\t\t\t\t<\/div>\n\t\t\t\t<div class=\"elementor-element elementor-element-969ab3d elementor-widget elementor-widget-button\" data-id=\"969ab3d\" data-element_type=\"widget\" data-e-type=\"widget\" data-widget_type=\"button.default\">\n\t\t\t\t<div class=\"elementor-widget-container\">\n\t\t\t\t\t\t\t\t\t<div class=\"elementor-button-wrapper\">\n\t\t\t\t\t<a class=\"elementor-button elementor-button-link elementor-size-sm\" href=\"https:\/\/endodia.ch\/fr\/espace-diabete\/\">\n\t\t\t\t\t\t<span class=\"elementor-button-content-wrapper\">\n\t\t\t\t\t\t<span class=\"elementor-button-icon\">\n\t\t\t\t<svg xmlns=\"http:\/\/www.w3.org\/2000\/svg\" width=\"21\" height=\"20\" viewBox=\"0 0 21 20\" fill=\"none\"><path d=\"M14.143 9.16707L9.673 4.69706L10.8515 3.51855L17.3333 10.0004L10.8515 16.4822L9.673 15.3037L14.143 10.8337H4V9.16707H14.143Z\" fill=\"#858585\"><\/path><\/svg>\t\t\t<\/span>\n\t\t\t\t\t\t\t\t\t<span class=\"elementor-button-text\">En savoir plus<\/span>\n\t\t\t\t\t<\/span>\n\t\t\t\t\t<\/a>\n\t\t\t\t<\/div>\n\t\t\t\t\t\t\t\t<\/div>\n\t\t\t\t<\/div>\n\t\t\t\t<\/div>\n\t\t\t\t<\/div>\n\t\t\t\t\t<\/div>\n\t\t\t\t<\/div>\n\t\t\t\t<\/div>\n\t\t","protected":false},"excerpt":{"rendered":"<p>EndoDia Community Sous la direction de l&rsquo;association de patients Diab\u00e8te Biel-Bienne, nous offrons aux personnes vivants avec le diab\u00e8te et \u00e0 leurs proches une aide et un soutien pour faire face au diab\u00e8te dans la vie quotidienne. Vous y trouverez<\/p>\n","protected":false},"author":2,"featured_media":0,"parent":0,"menu_order":0,"comment_status":"closed","ping_status":"closed","template":"elementor_header_footer","meta":{"_acf_changed":false,"footnotes":""},"class_list":["post-1927","page","type-page","status-publish","hentry"],"acf":[],"yoast_head":"<!-- This site is optimized with the Yoast SEO plugin v27.3 - https:\/\/yoast.com\/product\/yoast-seo-wordpress\/ -->\n<title>EndoDia Community \u2013 Diab\u00e8te \u00e0 Bienne<\/title>\n<meta name=\"description\" content=\"L\u2019EndoDia Community offre des conseils, un \u00e9change d\u2019exp\u00e9riences et des informations sur l\u2019alimentation, les outils et la vie quotidienne avec le diab\u00e8te sucr\u00e9.\" \/>\n<meta name=\"robots\" content=\"index, follow, max-snippet:-1, max-image-preview:large, max-video-preview:-1\" \/>\n<link rel=\"canonical\" href=\"https:\/\/endodia.ch\/fr\/endodia-community\/\" \/>\n<meta property=\"og:locale\" content=\"fr_FR\" \/>\n<meta property=\"og:type\" content=\"article\" \/>\n<meta property=\"og:title\" content=\"EndoDia Community \u2013 Diab\u00e8te \u00e0 Bienne\" \/>\n<meta property=\"og:description\" content=\"L\u2019EndoDia Community offre des conseils, un \u00e9change d\u2019exp\u00e9riences et des informations sur l\u2019alimentation, les outils et la vie quotidienne avec le diab\u00e8te sucr\u00e9.\" \/>\n<meta property=\"og:url\" content=\"https:\/\/endodia.ch\/fr\/endodia-community\/\" \/>\n<meta property=\"og:site_name\" content=\"EndoDia Centre Biel\" \/>\n<meta property=\"article:modified_time\" content=\"2025-11-21T12:57:18+00:00\" \/>\n<meta property=\"og:image\" content=\"https:\/\/endodia.ch\/wp-content\/uploads\/2025\/10\/Espace-Diabete-Hero-top-Image.png\" \/>\n\t<meta property=\"og:image:width\" content=\"798\" \/>\n\t<meta property=\"og:image:height\" content=\"802\" \/>\n\t<meta property=\"og:image:type\" content=\"image\/png\" \/>\n<meta name=\"twitter:card\" content=\"summary_large_image\" \/>\n<meta name=\"twitter:label1\" content=\"Dur\u00e9e de lecture estim\u00e9e\" \/>\n\t<meta name=\"twitter:data1\" content=\"3 minutes\" \/>\n<script type=\"application\/ld+json\" class=\"yoast-schema-graph\">{\"@context\":\"https:\\\/\\\/schema.org\",\"@graph\":[{\"@type\":\"WebPage\",\"@id\":\"https:\\\/\\\/endodia.ch\\\/fr\\\/endodia-community\\\/\",\"url\":\"https:\\\/\\\/endodia.ch\\\/fr\\\/endodia-community\\\/\",\"name\":\"EndoDia Community \u2013 Diab\u00e8te \u00e0 Bienne\",\"isPartOf\":{\"@id\":\"https:\\\/\\\/endodia.ch\\\/fr\\\/#website\"},\"primaryImageOfPage\":{\"@id\":\"https:\\\/\\\/endodia.ch\\\/fr\\\/endodia-community\\\/#primaryimage\"},\"image\":{\"@id\":\"https:\\\/\\\/endodia.ch\\\/fr\\\/endodia-community\\\/#primaryimage\"},\"thumbnailUrl\":\"https:\\\/\\\/endodia.ch\\\/wp-content\\\/uploads\\\/2025\\\/10\\\/Espace-Diabete-Hero-top-Image.png\",\"datePublished\":\"2025-03-07T10:42:13+00:00\",\"dateModified\":\"2025-11-21T12:57:18+00:00\",\"description\":\"L\u2019EndoDia Community offre des conseils, un \u00e9change d\u2019exp\u00e9riences et des informations sur l\u2019alimentation, les outils et la vie quotidienne avec le diab\u00e8te sucr\u00e9.\",\"breadcrumb\":{\"@id\":\"https:\\\/\\\/endodia.ch\\\/fr\\\/endodia-community\\\/#breadcrumb\"},\"inLanguage\":\"fr-FR\",\"potentialAction\":[{\"@type\":\"ReadAction\",\"target\":[\"https:\\\/\\\/endodia.ch\\\/fr\\\/endodia-community\\\/\"]}]},{\"@type\":\"ImageObject\",\"inLanguage\":\"fr-FR\",\"@id\":\"https:\\\/\\\/endodia.ch\\\/fr\\\/endodia-community\\\/#primaryimage\",\"url\":\"https:\\\/\\\/endodia.ch\\\/wp-content\\\/uploads\\\/2025\\\/10\\\/Espace-Diabete-Hero-top-Image.png\",\"contentUrl\":\"https:\\\/\\\/endodia.ch\\\/wp-content\\\/uploads\\\/2025\\\/10\\\/Espace-Diabete-Hero-top-Image.png\"},{\"@type\":\"BreadcrumbList\",\"@id\":\"https:\\\/\\\/endodia.ch\\\/fr\\\/endodia-community\\\/#breadcrumb\",\"itemListElement\":[{\"@type\":\"ListItem\",\"position\":1,\"name\":\"Home\",\"item\":\"https:\\\/\\\/endodia.ch\\\/fr\\\/accueil\\\/\"},{\"@type\":\"ListItem\",\"position\":2,\"name\":\"EndoDia Community\"}]},{\"@type\":\"WebSite\",\"@id\":\"https:\\\/\\\/endodia.ch\\\/fr\\\/#website\",\"url\":\"https:\\\/\\\/endodia.ch\\\/fr\\\/\",\"name\":\"EndoDia Centre Biel\",\"description\":\"\",\"publisher\":{\"@id\":\"https:\\\/\\\/endodia.ch\\\/fr\\\/#organization\"},\"potentialAction\":[{\"@type\":\"SearchAction\",\"target\":{\"@type\":\"EntryPoint\",\"urlTemplate\":\"https:\\\/\\\/endodia.ch\\\/fr\\\/?s={search_term_string}\"},\"query-input\":{\"@type\":\"PropertyValueSpecification\",\"valueRequired\":true,\"valueName\":\"search_term_string\"}}],\"inLanguage\":\"fr-FR\"},{\"@type\":\"Organization\",\"@id\":\"https:\\\/\\\/endodia.ch\\\/fr\\\/#organization\",\"name\":\"EndoDia Centre Biel\",\"url\":\"https:\\\/\\\/endodia.ch\\\/fr\\\/\",\"logo\":{\"@type\":\"ImageObject\",\"inLanguage\":\"fr-FR\",\"@id\":\"https:\\\/\\\/endodia.ch\\\/fr\\\/#\\\/schema\\\/logo\\\/image\\\/\",\"url\":\"https:\\\/\\\/endodia.ch\\\/wp-content\\\/uploads\\\/2025\\\/03\\\/C_EndoDia_Logo.webp\",\"contentUrl\":\"https:\\\/\\\/endodia.ch\\\/wp-content\\\/uploads\\\/2025\\\/03\\\/C_EndoDia_Logo.webp\",\"width\":400,\"height\":48,\"caption\":\"EndoDia Centre Biel\"},\"image\":{\"@id\":\"https:\\\/\\\/endodia.ch\\\/fr\\\/#\\\/schema\\\/logo\\\/image\\\/\"}}]}<\/script>\n<!-- \/ Yoast SEO plugin. -->","yoast_head_json":{"title":"EndoDia Community \u2013 Diab\u00e8te \u00e0 Bienne","description":"L\u2019EndoDia Community offre des conseils, un \u00e9change d\u2019exp\u00e9riences et des informations sur l\u2019alimentation, les outils et la vie quotidienne avec le diab\u00e8te sucr\u00e9.","robots":{"index":"index","follow":"follow","max-snippet":"max-snippet:-1","max-image-preview":"max-image-preview:large","max-video-preview":"max-video-preview:-1"},"canonical":"https:\/\/endodia.ch\/fr\/endodia-community\/","og_locale":"fr_FR","og_type":"article","og_title":"EndoDia Community \u2013 Diab\u00e8te \u00e0 Bienne","og_description":"L\u2019EndoDia Community offre des conseils, un \u00e9change d\u2019exp\u00e9riences et des informations sur l\u2019alimentation, les outils et la vie quotidienne avec le diab\u00e8te sucr\u00e9.","og_url":"https:\/\/endodia.ch\/fr\/endodia-community\/","og_site_name":"EndoDia Centre Biel","article_modified_time":"2025-11-21T12:57:18+00:00","og_image":[{"width":798,"height":802,"url":"https:\/\/endodia.ch\/wp-content\/uploads\/2025\/10\/Espace-Diabete-Hero-top-Image.png","type":"image\/png"}],"twitter_card":"summary_large_image","twitter_misc":{"Dur\u00e9e de lecture estim\u00e9e":"3 minutes"},"schema":{"@context":"https:\/\/schema.org","@graph":[{"@type":"WebPage","@id":"https:\/\/endodia.ch\/fr\/endodia-community\/","url":"https:\/\/endodia.ch\/fr\/endodia-community\/","name":"EndoDia Community \u2013 Diab\u00e8te \u00e0 Bienne","isPartOf":{"@id":"https:\/\/endodia.ch\/fr\/#website"},"primaryImageOfPage":{"@id":"https:\/\/endodia.ch\/fr\/endodia-community\/#primaryimage"},"image":{"@id":"https:\/\/endodia.ch\/fr\/endodia-community\/#primaryimage"},"thumbnailUrl":"https:\/\/endodia.ch\/wp-content\/uploads\/2025\/10\/Espace-Diabete-Hero-top-Image.png","datePublished":"2025-03-07T10:42:13+00:00","dateModified":"2025-11-21T12:57:18+00:00","description":"L\u2019EndoDia Community offre des conseils, un \u00e9change d\u2019exp\u00e9riences et des informations sur l\u2019alimentation, les outils et la vie quotidienne avec le diab\u00e8te sucr\u00e9.","breadcrumb":{"@id":"https:\/\/endodia.ch\/fr\/endodia-community\/#breadcrumb"},"inLanguage":"fr-FR","potentialAction":[{"@type":"ReadAction","target":["https:\/\/endodia.ch\/fr\/endodia-community\/"]}]},{"@type":"ImageObject","inLanguage":"fr-FR","@id":"https:\/\/endodia.ch\/fr\/endodia-community\/#primaryimage","url":"https:\/\/endodia.ch\/wp-content\/uploads\/2025\/10\/Espace-Diabete-Hero-top-Image.png","contentUrl":"https:\/\/endodia.ch\/wp-content\/uploads\/2025\/10\/Espace-Diabete-Hero-top-Image.png"},{"@type":"BreadcrumbList","@id":"https:\/\/endodia.ch\/fr\/endodia-community\/#breadcrumb","itemListElement":[{"@type":"ListItem","position":1,"name":"Home","item":"https:\/\/endodia.ch\/fr\/accueil\/"},{"@type":"ListItem","position":2,"name":"EndoDia Community"}]},{"@type":"WebSite","@id":"https:\/\/endodia.ch\/fr\/#website","url":"https:\/\/endodia.ch\/fr\/","name":"EndoDia Centre Biel","description":"","publisher":{"@id":"https:\/\/endodia.ch\/fr\/#organization"},"potentialAction":[{"@type":"SearchAction","target":{"@type":"EntryPoint","urlTemplate":"https:\/\/endodia.ch\/fr\/?s={search_term_string}"},"query-input":{"@type":"PropertyValueSpecification","valueRequired":true,"valueName":"search_term_string"}}],"inLanguage":"fr-FR"},{"@type":"Organization","@id":"https:\/\/endodia.ch\/fr\/#organization","name":"EndoDia Centre Biel","url":"https:\/\/endodia.ch\/fr\/","logo":{"@type":"ImageObject","inLanguage":"fr-FR","@id":"https:\/\/endodia.ch\/fr\/#\/schema\/logo\/image\/","url":"https:\/\/endodia.ch\/wp-content\/uploads\/2025\/03\/C_EndoDia_Logo.webp","contentUrl":"https:\/\/endodia.ch\/wp-content\/uploads\/2025\/03\/C_EndoDia_Logo.webp","width":400,"height":48,"caption":"EndoDia Centre Biel"},"image":{"@id":"https:\/\/endodia.ch\/fr\/#\/schema\/logo\/image\/"}}]}},"_links":{"self":[{"href":"https:\/\/endodia.ch\/fr\/wp-json\/wp\/v2\/pages\/1927","targetHints":{"allow":["GET"]}}],"collection":[{"href":"https:\/\/endodia.ch\/fr\/wp-json\/wp\/v2\/pages"}],"about":[{"href":"https:\/\/endodia.ch\/fr\/wp-json\/wp\/v2\/types\/page"}],"author":[{"embeddable":true,"href":"https:\/\/endodia.ch\/fr\/wp-json\/wp\/v2\/users\/2"}],"replies":[{"embeddable":true,"href":"https:\/\/endodia.ch\/fr\/wp-json\/wp\/v2\/comments?post=1927"}],"version-history":[{"count":10,"href":"https:\/\/endodia.ch\/fr\/wp-json\/wp\/v2\/pages\/1927\/revisions"}],"predecessor-version":[{"id":15155,"href":"https:\/\/endodia.ch\/fr\/wp-json\/wp\/v2\/pages\/1927\/revisions\/15155"}],"wp:attachment":[{"href":"https:\/\/endodia.ch\/fr\/wp-json\/wp\/v2\/media?parent=1927"}],"curies":[{"name":"wp","href":"https:\/\/api.w.org\/{rel}","templated":true}]}}